{"id":29,"date":"2026-03-30T23:07:20","date_gmt":"2026-03-31T02:07:20","guid":{"rendered":"https:\/\/applebook.com.br\/?post_type=product&#038;p=29"},"modified":"2026-05-04T17:48:31","modified_gmt":"2026-05-04T20:48:31","slug":"fonte-de-alimentacao-gamer-atx-500w-cowboy-leds-rgb-bivolt","status":"publish","type":"product","link":"https:\/\/applebook.com.br\/?product=fonte-de-alimentacao-gamer-atx-500w-cowboy-leds-rgb-bivolt","title":{"rendered":"Fonte De Alimenta\u00e7\u00e3o Gamer Atx 600w Cowboy Leds Rgb Bivolt"},"content":{"rendered":"<h2 class=\"text-on-surface-2 font-md-bold md:font-title-large-highlight md:mb-md\" data-testid=\"product-details-title\">Descri\u00e7\u00e3o e ficha t\u00e9cnica<\/h2>\n<div data-testid=\"product-detail\">\n<p class=\"mt-2xsm text-on-surface-4 font-xsm-regular\" data-testid=\"product-detail-code\">Explore a pot\u00eancia da Fonte ATX 500W, repleta de recursos para otimizar o desempenho do seu sistema:<\/p>\n<div class=\"mt-md font-xsm-regular\" data-testid=\"product-detail-description\">\n<p>**Prote\u00e7\u00e3o Avan\u00e7ada:** OVP\/OCP\/SCP garantem seguran\u00e7a contra curtos-circuitos.<\/p>\n<p>**Chaveamento Manual:** Adapte a voltagem de 110 ~ 230V conforme necess\u00e1rio.<\/p>\n<p>**Ilumina\u00e7\u00e3o RGB:** Desfrute de 25 modos de ilumina\u00e7\u00e3o para um visual personalizado.<\/p>\n<p>**Conectores Essenciais:**<\/p>\n<p>1 Conector ATX 20 + 4 pinos<\/p>\n<p>1 Conector ATX 12V<\/p>\n<p>2 Conectores SATA<\/p>\n<p>3 Conectores IDE<\/p>\n<p>1 Conector FDD<\/p>\n<\/div>\n<p>Ficha T\u00e9cnica<br \/>\nMARCA: KNUP<br \/>\nMODELO: KP-535RGB<br \/>\nPOTENCIA DE SAIDA: 600W<br \/>\nGAMER: SIM<br \/>\nTAMANHO DO VENTILADOR: 140 mm<br \/>\nCOR:PRETO<br \/>\nTIPO DA FONTE DE ALIMENTA\u00c7\u00c3O PARA PC: ATX<br \/>\nMarca: KNUP<br \/>\nModelo: KP-534RGB<br \/>\nPrazo de Garantia: 3 meses<br \/>\nVoltagem: Bivolt<\/p>\n<\/div>\n<p>A Fonte de Alimenta\u00e7\u00e3o ATX de Pot\u00eancia 600W com Ilumina\u00e7\u00e3o RGB da marca Knup \u00e9 a escolha ideal para quem busca desempenho e estilo em seu PC. Com uma pot\u00eancia m\u00e1xima de pico de 600W, esta fonte garante uma performance confi\u00e1vel, suportando uma MTBF de 100.000 horas a 25\u00b0C, o que assegura durabilidade e efici\u00eancia.<\/p>\n<p>&nbsp;<\/p>\n","protected":false},"excerpt":{"rendered":"<p>A Fonte de Alimenta\u00e7\u00e3o ATX de Pot\u00eancia 600W com Ilumina\u00e7\u00e3o RGB da marca Knup \u00e9 a escolha ideal para quem busca desempenho e estilo em seu PC. Com uma pot\u00eancia m\u00e1xima de pico de 600W, esta fonte garante uma performance confi\u00e1vel, suportando uma MTBF de 100.000 horas a 25\u00b0C, o que assegura durabilidade e efici\u00eancia.<\/p>\n<p>&nbsp;<\/p>\n","protected":false},"featured_media":46,"comment_status":"open","ping_status":"closed","template":"","meta":[],"product_brand":[24],"product_cat":[19,17],"product_tag":[],"class_list":{"0":"post-29","1":"product","2":"type-product","3":"status-publish","4":"has-post-thumbnail","6":"product_brand-knup","7":"product_cat-fontes","8":"product_cat-hardware","10":"first","11":"instock","12":"shipping-taxable","13":"purchasable","14":"product-type-simple"},"_links":{"self":[{"href":"https:\/\/applebook.com.br\/index.php?rest_route=\/wp\/v2\/product\/29","targetHints":{"allow":["GET"]}}],"collection":[{"href":"https:\/\/applebook.com.br\/index.php?rest_route=\/wp\/v2\/product"}],"about":[{"href":"https:\/\/applebook.com.br\/index.php?rest_route=\/wp\/v2\/types\/product"}],"replies":[{"embeddable":true,"href":"https:\/\/applebook.com.br\/index.php?rest_route=%2Fwp%2Fv2%2Fcomments&post=29"}],"wp:featuredmedia":[{"embeddable":true,"href":"https:\/\/applebook.com.br\/index.php?rest_route=\/wp\/v2\/media\/46"}],"wp:attachment":[{"href":"https:\/\/applebook.com.br\/index.php?rest_route=%2Fwp%2Fv2%2Fmedia&parent=29"}],"wp:term":[{"taxonomy":"product_brand","embeddable":true,"href":"https:\/\/applebook.com.br\/index.php?rest_route=%2Fwp%2Fv2%2Fproduct_brand&post=29"},{"taxonomy":"product_cat","embeddable":true,"href":"https:\/\/applebook.com.br\/index.php?rest_route=%2Fwp%2Fv2%2Fproduct_cat&post=29"},{"taxonomy":"product_tag","embeddable":true,"href":"https:\/\/applebook.com.br\/index.php?rest_route=%2Fwp%2Fv2%2Fproduct_tag&post=29"}],"curies":[{"name":"wp","href":"https:\/\/api.w.org\/{rel}","templated":true}]}}