{"id":75,"date":"2026-03-31T03:43:31","date_gmt":"2026-03-31T06:43:31","guid":{"rendered":"https:\/\/applebook.com.br\/?post_type=product&#038;p=75"},"modified":"2026-05-04T17:47:19","modified_gmt":"2026-05-04T20:47:19","slug":"placa-de-video-rtx5060ti-16gb-shadow-2x-oc-plus-msi","status":"publish","type":"product","link":"https:\/\/applebook.com.br\/?product=placa-de-video-rtx5060ti-16gb-shadow-2x-oc-plus-msi","title":{"rendered":"Placa De Video Rtx5060ti 16gb Shadow 2x Oc Plus Msi"},"content":{"rendered":"","protected":false},"excerpt":{"rendered":"<p>A Placa de V\u00eddeo MSI GeForce RTX 5060 Ti SHADOW 2X OC PLUS \u00e9 um processador gr\u00e1fico de alta performance, projetado para gamers e criadores que exigem o m\u00e1ximo em desempenho gr\u00e1fico<\/p>\n","protected":false},"featured_media":77,"comment_status":"closed","ping_status":"closed","template":"","meta":[],"product_brand":[26],"product_cat":[17,25],"product_tag":[],"class_list":{"0":"post-75","1":"product","2":"type-product","3":"status-publish","4":"has-post-thumbnail","6":"product_brand-geoforce","7":"product_cat-hardware","8":"product_cat-placa-de-video","10":"first","11":"instock","12":"shipping-taxable","13":"purchasable","14":"product-type-simple"},"_links":{"self":[{"href":"https:\/\/applebook.com.br\/index.php?rest_route=\/wp\/v2\/product\/75","targetHints":{"allow":["GET"]}}],"collection":[{"href":"https:\/\/applebook.com.br\/index.php?rest_route=\/wp\/v2\/product"}],"about":[{"href":"https:\/\/applebook.com.br\/index.php?rest_route=\/wp\/v2\/types\/product"}],"replies":[{"embeddable":true,"href":"https:\/\/applebook.com.br\/index.php?rest_route=%2Fwp%2Fv2%2Fcomments&post=75"}],"wp:featuredmedia":[{"embeddable":true,"href":"https:\/\/applebook.com.br\/index.php?rest_route=\/wp\/v2\/media\/77"}],"wp:attachment":[{"href":"https:\/\/applebook.com.br\/index.php?rest_route=%2Fwp%2Fv2%2Fmedia&parent=75"}],"wp:term":[{"taxonomy":"product_brand","embeddable":true,"href":"https:\/\/applebook.com.br\/index.php?rest_route=%2Fwp%2Fv2%2Fproduct_brand&post=75"},{"taxonomy":"product_cat","embeddable":true,"href":"https:\/\/applebook.com.br\/index.php?rest_route=%2Fwp%2Fv2%2Fproduct_cat&post=75"},{"taxonomy":"product_tag","embeddable":true,"href":"https:\/\/applebook.com.br\/index.php?rest_route=%2Fwp%2Fv2%2Fproduct_tag&post=75"}],"curies":[{"name":"wp","href":"https:\/\/api.w.org\/{rel}","templated":true}]}}